{"id":263,"date":"2024-02-15T11:32:54","date_gmt":"2024-02-15T08:32:54","guid":{"rendered":"https:\/\/maranellogenerators.com\/?page_id=263"},"modified":"2024-02-15T11:43:22","modified_gmt":"2024-02-15T08:43:22","slug":"iletisim","status":"publish","type":"page","link":"https:\/\/maranellogenerators.com\/en\/iletisim\/","title":{"rendered":"Contact"},"content":{"rendered":"<div class=\"row row-collapse row-full-width\"  id=\"row-69647815\">\n\n\n\t<div id=\"col-43652916\" class=\"col small-12 large-12\"  >\n\t\t\t\t<div class=\"col-inner\"  >\n\t\t\t\n\t\t\t\n\n\t<section class=\"section\" id=\"section_350176845\">\n\t\t<div class=\"bg section-bg fill bg-fill\" >\n\n\t\t\t\n\t\t\t<div class=\"section-bg-overlay absolute fill\"><\/div>\n\t\t\t\n\n\t\t<\/div>\n\n\t\t\n\t<div class=\"ux-shape-divider ux-shape-divider--bottom ux-shape-divider--style-tilt\">\n\t\t<svg viewbox=\"0 0 1000 100\" xmlns=\"http:\/\/www.w3.org\/2000\/svg\" preserveaspectratio=\"none\">\n\t<path class=\"ux-shape-fill\" d=\"M1000 100V0L-40 100H1000Z\"\/>\n<\/svg>\n\t<\/div>\n\n\t\t<div class=\"section-content relative\">\n\t\t\t\n\n<div class=\"row row-collapse align-center\" style=\"max-width:\" id=\"row-1731532115\">\n\n\n\t<div id=\"col-1328454573\" class=\"col small-12 large-12\"  >\n\t\t\t\t<div class=\"col-inner text-center dark\"  >\n\t\t\t\n\t\t\t\n\n\t<div id=\"gap-1022393340\" class=\"gap-element clearfix\" style=\"display:block; height:auto;\">\n\t\t\n<style>\n#gap-1022393340 {\n  padding-top: 59px;\n}\n<\/style>\n\t<\/div>\n\t\n\n<h1><span style=\"font-size: 200%;\">CONTACT US<\/span><\/h1>\n\n\t\t<\/div>\n\t\t\t\t\n<style>\n#col-1328454573 > .col-inner {\n  padding: 100px 20px 200px 0px;\n}\n@media (min-width:550px) {\n  #col-1328454573 > .col-inner {\n    padding: 100px 0px 200px 0px;\n  }\n}\n<\/style>\n\t<\/div>\n\n\t\n\n<\/div>\n\n\t\t<\/div>\n\n\t\t\n<style>\n#section_350176845 {\n  padding-top: 0px;\n  padding-bottom: 0px;\n  min-height: 0px;\n}\n#section_350176845 .section-bg-overlay {\n  background-color: rgba(0, 0, 0, 0.12);\n}\n#section_350176845 .section-bg.bg-loaded {\n  background-image: url(https:\/\/maranellogenerators.com\/wp-content\/uploads\/2024\/02\/maranello-alternator-90-countries.jpg);\n}\n#section_350176845 .section-bg {\n  background-position: 90% 59%;\n}\n#section_350176845 .ux-shape-divider--bottom svg {\n  height: 150px;\n  --divider-width: 100%;\n}\n#section_350176845 .ux-shape-divider--bottom .ux-shape-fill {\n  fill: rgb(242, 242, 242);\n}\n@media (min-width:550px) {\n  #section_350176845 {\n    padding-top: 0px;\n    padding-bottom: 0px;\n  }\n  #section_350176845 .section-bg-overlay {\n    background-color: rgba(0, 0, 0, 0.21);\n  }\n}\n@media (min-width:850px) {\n  #section_350176845 {\n    padding-top: 7px;\n    padding-bottom: 7px;\n  }\n  #section_350176845 .section-bg-overlay {\n    background-color: rgba(0, 0, 0, 0.791);\n  }\n}\n<\/style>\n\t<\/section>\n\t\n\n\t\t<\/div>\n\t\t\t\t\t<\/div>\n\n\t\n\n<\/div>\n<div class=\"row row-large\"  id=\"row-1575590447\">\n\n\n\t<div id=\"col-1346096206\" class=\"col small-12 large-12\"  >\n\t\t\t\t<div class=\"col-inner\"  >\n\t\t\t\n\t\t\t\n\n<div class=\"row row-collapse row-full-width\"  id=\"row-1809696377\">\n\n\n\t<div id=\"col-453431201\" class=\"col medium-12 small-12 large-6\"  >\n\t\t\t\t<div class=\"col-inner\"  >\n\t\t\t\n\t\t\t\n\n<h2><span style=\"font-size: 120%;\">Headquarters<\/span><\/h2>\n<p>\u015eerifali, Tavuk\u00e7uyolu Cd No:200, 34775 \u00dcmraniye\/Istanbul<\/p>\n\t<div id=\"gap-503752219\" class=\"gap-element clearfix\" style=\"display:block; height:auto;\">\n\t\t\n<style>\n#gap-503752219 {\n  padding-top: 20px;\n}\n@media (min-width:550px) {\n  #gap-503752219 {\n    padding-top: 20px;\n  }\n}\n@media (min-width:850px) {\n  #gap-503752219 {\n    padding-top: 30px;\n  }\n}\n<\/style>\n\t<\/div>\n\t\n\n<div class=\"row\"  id=\"row-1700740118\">\n\n\n\t<div id=\"col-1040195720\" class=\"col medium-6 small-12 large-6\"  >\n\t\t\t\t<div class=\"col-inner\"  >\n\t\t\t\n\t\t\t\n\n\n\t\t<div class=\"icon-box featured-box icon-box-top text-left\"  >\n\t\t\t\t\t<div class=\"icon-box-img\" style=\"width: 60px\">\n\t\t\t\t<div class=\"icon\">\n\t\t\t\t\t<div class=\"icon-inner\" style=\"color:rgb(203, 0, 0);\">\n\t\t\t\t\t\t<?xml version=\"1.0\" encoding=\"utf-8\"?>\r\n<!-- Generator: Adobe Illustrator 28.1.0, SVG Export Plug-In . SVG Version: 6.00 Build 0)  -->\r\n<svg version=\"1.1\" id=\"katman_1\" xmlns=\"http:\/\/www.w3.org\/2000\/svg\" xmlns:xlink=\"http:\/\/www.w3.org\/1999\/xlink\" x=\"0px\" y=\"0px\"\r\n\t viewbox=\"0 0 1024 1024\" style=\"enable-background:new 0 0 1024 1024;\" xml:space=\"preserve\">\r\n<style type=\"text\/css\">\r\n\t.st0{fill:#2D3B8E;}\r\n<\/style>\r\n<g>\r\n\t<path class=\"st0\" d=\"M511.6,974.9c-255.4,0-463.1-207.8-463.1-463.1c0-255.4,207.8-463.1,463.1-463.1\t\tc255.4,0,463.1,207.8,463.1,463.1C974.8,767.2,767,974.9,511.6,974.9z M511.6,97.1c-228.7,0-414.7,186-414.7,414.7\t\tc0,228.7,186,414.7,414.7,414.7c228.7,0,414.7-186,414.7-414.7C926.3,283.1,740.3,97.1,511.6,97.1z\"\/>\r\n\t<path class=\"st0\" d=\"M762.9,710.5c0.6-0.7,1.1-1.5,1.4-2.3c0.8-2.2,19.3-53.4-28.3-101c-47.7-47.7-98-28-100.1-27.2\t\tc-1.2,0.5-2.3,1.3-3.1,2.3c-0.2,0.3-23.5,28.7-64.2,32c-35,2.8-72.4-13.4-111.2-48.3c-34.8-38.6-51-75.9-48.3-110.9\t\tc3.2-40.7,31.7-64.3,32-64.5c1-0.8,1.8-1.9,2.3-3.1c0.9-2.1,20.5-52.4-27.2-100.1c-47.6-47.6-98.8-29.1-101-28.3\t\tc-0.9,0.3-1.7,0.8-2.3,1.4c-36,31.5-55.5,71-57.9,117.1c-6.6,127.3,117.3,262.1,122.5,267.8c0.1,0.1,0.1,0.1,0.2,0.2\t\tc0.1,0.1,0.1,0.1,0.2,0.2c5.7,5.3,140.5,129.1,267.8,122.5C691.9,766,731.4,746.6,762.9,710.5z\"\/>\r\n<\/g>\r\n<\/svg>\r\n\t\t\t\t\t<\/div>\n\t\t\t\t<\/div>\n\t\t\t<\/div>\n\t\t\t\t<div class=\"icon-box-text last-reset\">\n\t\t\t\t\t\t\t\t\t\n\n<h3 class=\"uppercase\">Call immediately<\/h3>\n<p><a href=\"tel:+902163127979\">+90 216 312 79 79<\/a><\/p>\n\n\t\t<\/div>\n\t<\/div>\n\t\n\t\n\n\t\t<\/div>\n\t\t\t\t\t<\/div>\n\n\t\n\n\t<div id=\"col-1148208496\" class=\"col medium-6 small-12 large-6\"  >\n\t\t\t\t<div class=\"col-inner\"  >\n\t\t\t\n\t\t\t\n\n\n\t\t<div class=\"icon-box featured-box icon-box-top text-left\"  >\n\t\t\t\t\t<div class=\"icon-box-img\" style=\"width: 60px\">\n\t\t\t\t<div class=\"icon\">\n\t\t\t\t\t<div class=\"icon-inner\" style=\"color:rgb(203, 0, 0);\">\n\t\t\t\t\t\t<?xml version=\"1.0\" encoding=\"utf-8\"?>\r\n<!-- Generator: Adobe Illustrator 28.1.0, SVG Export Plug-In . SVG Version: 6.00 Build 0)  -->\r\n<svg version=\"1.1\" id=\"katman_1\" xmlns=\"http:\/\/www.w3.org\/2000\/svg\" xmlns:xlink=\"http:\/\/www.w3.org\/1999\/xlink\" x=\"0px\" y=\"0px\"\r\n\t viewbox=\"0 0 1024 1024\" style=\"enable-background:new 0 0 1024 1024;\" xml:space=\"preserve\">\r\n<style type=\"text\/css\">\r\n\t.st0{fill:#2D3B8E;}\r\n<\/style>\r\n<g>\r\n\t<path class=\"st0\" d=\"M511.6,990.2c-263.8,0-478.4-214.6-478.4-478.4C33.2,248,247.8,33.4,511.6,33.4C775.4,33.4,990,248,990,511.8\t\tC990,775.6,775.4,990.2,511.6,990.2z M511.6,83.4c-236.2,0-428.4,192.2-428.4,428.4c0,236.2,192.2,428.4,428.4,428.4\t\tC747.8,940.2,940,748,940,511.8C940,275.6,747.8,83.4,511.6,83.4z\"\/>\r\n\t<path class=\"st0\" d=\"M742.8,323.8H280.5c-34.8,0-63.1,28.3-63.1,63.1v249.7c0,34.8,28.3,63.1,63.1,63.1h462.4\t\tc34.8,0,63.1-28.3,63.1-63.1V386.9C805.9,352.1,777.6,323.8,742.8,323.8z M732.6,354.9l-221,182.5l-221-182.5H732.6z M778.3,636.6\t\tc0,19.6-15.9,35.5-35.5,35.5H280.5c-19.6,0-35.5-15.9-35.5-35.5V386.9c0-8.1,2.8-15.6,7.4-21.6L501.3,571c3,2.5,6.7,3.7,10.3,3.7\t\tc3.7,0,7.3-1.2,10.3-3.7l248.9-205.6c4.6,6,7.4,13.5,7.4,21.6V636.6z\"\/>\r\n<\/g>\r\n<\/svg>\r\n\t\t\t\t\t<\/div>\n\t\t\t\t<\/div>\n\t\t\t<\/div>\n\t\t\t\t<div class=\"icon-box-text last-reset\">\n\t\t\t\t\t\t\t\t\t\n\n<h3 class=\"uppercase\">Send Email<\/h3>\n<p><a href=\"mailto:info@maranellogenerators.com\">info@maranellogenerators.com<\/a><\/p>\n\n\t\t<\/div>\n\t<\/div>\n\t\n\t\n\n\t\t<\/div>\n\t\t\t\t\t<\/div>\n\n\t\n\n<\/div>\n\n\t\t<\/div>\n\t\t\t\t\n<style>\n#col-453431201 > .col-inner {\n  padding: 0px 0px 0px 20px;\n}\n<\/style>\n\t<\/div>\n\n\t\n\n\t<div id=\"col-2120133212\" class=\"col medium-12 small-12 large-6\"  >\n\t\t\t\t<div class=\"col-inner\"  >\n\t\t\t\n\t\t\t\n\n<h2><span style=\"font-size: 120%;\">Contact Form<\/span><\/h2>\n\t<div id=\"gap-704084696\" class=\"gap-element clearfix\" style=\"display:block; height:auto;\">\n\t\t\n<style>\n#gap-704084696 {\n  padding-top: 20px;\n}\n@media (min-width:550px) {\n  #gap-704084696 {\n    padding-top: 20px;\n  }\n}\n@media (min-width:850px) {\n  #gap-704084696 {\n    padding-top: 30px;\n  }\n}\n<\/style>\n\t<\/div>\n\t\n\n\n<div class=\"wpcf7 no-js\" id=\"wpcf7-f22-o1\" lang=\"tr-TR\" dir=\"ltr\">\n<div class=\"screen-reader-response\"><p role=\"status\" aria-live=\"polite\" aria-atomic=\"true\"><\/p> <ul><\/ul><\/div>\n<form action=\"\/en\/wp-json\/wp\/v2\/pages\/263#wpcf7-f22-o1\" method=\"post\" class=\"wpcf7-form init\" aria-label=\"Contact form\" novalidate=\"novalidate\" data-status=\"init\" data-trp-original-action=\"\/en\/wp-json\/wp\/v2\/pages\/263#wpcf7-f22-o1\">\n<div style=\"display: none;\">\n<input type=\"hidden\" name=\"_wpcf7\" value=\"22\" \/>\n<input type=\"hidden\" name=\"_wpcf7_version\" value=\"5.8.7\" \/>\n<input type=\"hidden\" name=\"_wpcf7_locale\" value=\"tr_TR\" \/>\n<input type=\"hidden\" name=\"_wpcf7_unit_tag\" value=\"wpcf7-f22-o1\" \/>\n<input type=\"hidden\" name=\"_wpcf7_container_post\" value=\"0\" \/>\n<input type=\"hidden\" name=\"_wpcf7_posted_data_hash\" value=\"\" \/>\n<\/div>\n<div class=\"form-flat\">\n\t<p><span class=\"wpcf7-form-control-wrap\" data-name=\"your-name\"><input size=\"40\" class=\"wpcf7-form-control wpcf7-text wpcf7-validates-as-required\" aria-required=\"true\" aria-invalid=\"false\" placeholder=\"Your Name and Surname*\" value=\"\" type=\"text\" name=\"your-name\" \/><\/span>\n\t<\/p>\n\t<p><span class=\"wpcf7-form-control-wrap\" data-name=\"text-682\"><input size=\"40\" class=\"wpcf7-form-control wpcf7-text wpcf7-validates-as-required\" aria-required=\"true\" aria-invalid=\"false\" placeholder=\"Company*\" value=\"\" type=\"text\" name=\"text-682\" \/><\/span>\n\t<\/p>\n\t<p><span class=\"wpcf7-form-control-wrap\" data-name=\"tel-913\"><input size=\"40\" class=\"wpcf7-form-control wpcf7-tel wpcf7-validates-as-required wpcf7-text wpcf7-validates-as-tel\" aria-required=\"true\" aria-invalid=\"false\" placeholder=\"Telephone\" value=\"\" type=\"tel\" name=\"tel-913\" \/><\/span>\n\t<\/p>\n\t<p><span class=\"wpcf7-form-control-wrap\" data-name=\"your-email\"><input size=\"40\" class=\"wpcf7-form-control wpcf7-email wpcf7-validates-as-required wpcf7-text wpcf7-validates-as-email\" aria-required=\"true\" aria-invalid=\"false\" placeholder=\"E-Mail*\" value=\"\" type=\"email\" name=\"your-email\" \/><\/span>\n\t<\/p>\n\t<p><span class=\"wpcf7-form-control-wrap\" data-name=\"your-message\"><textarea cols=\"40\" rows=\"10\" class=\"wpcf7-form-control wpcf7-textarea\" aria-invalid=\"false\" placeholder=\"Your message\" name=\"your-message\"><\/textarea><\/span>\n\t<\/p>\n\t<p><input class=\"wpcf7-form-control wpcf7-submit has-spinner button\" type=\"submit\" value=\"Send\" \/>\n\t<\/p>\n<\/div><div class=\"wpcf7-response-output\" aria-hidden=\"true\"><\/div>\n<input type=\"hidden\" name=\"trp-form-language\" value=\"en\"\/><\/form>\n<\/div>\n\n\n\n\t\t<\/div>\n\t\t\t\t\t<\/div>\n\n\t\n\n\n<style>\n#row-1809696377 > .col > .col-inner {\n  padding: 0px 15px 0px 15px;\n}\n<\/style>\n<\/div>\n<div class=\"row\"  id=\"row-1221296478\">\n\n\n\t<div id=\"col-1109583473\" class=\"col small-12 large-12\"  >\n\t\t\t\t<div class=\"col-inner\"  >\n\t\t\t\n\t\t\t\n\n<p><iframe src=\"https:\/\/www.google.com\/maps\/embed?pb=!1m18!1m12!1m3!1d3010.9268923783875!2d29.14525727728522!3d41.00497331962652!2m3!1f0!2f0!3f0!3m2!1i1024!2i768!4f13.1!3m3!1m2!1s0x14cacf37b2b60bbb%3A0x9f3423a9cb286b92!2zxZ5lcmlmYWxpLCBUYXZ1a8OndXlvbHUgQ2QgTm86MjAwLCAzNDc3NSBEdWR1bGx1IE9zYi_DnG1yYW5peWUvxLBzdGFuYnVs!5e0!3m2!1str!2str!4v1707986265379!5m2!1str!2str\" width=\"100%\" height=\"400\" style=\"border:0;\" allowfullscreen=\"\" loading=\"lazy\" referrerpolicy=\"no-referrer-when-downgrade\"><\/iframe><\/p>\n\n\t\t<\/div>\n\t\t\t\t\t<\/div>\n\n\t\n\n<\/div>\n\n\t\t<\/div>\n\t\t\t\t\n<style>\n#col-1346096206 > .col-inner {\n  padding: 50px 20px 0px 20px;\n  margin: -0 0px 0px 0px;\n}\n@media (min-width:550px) {\n  #col-1346096206 > .col-inner {\n    padding: 50px 20px 30px 20px;\n    margin: 0 0px 0px 0px;\n  }\n}\n@media (min-width:850px) {\n  #col-1346096206 > .col-inner {\n    padding: 66px 5% 16px 5%;\n  }\n}\n<\/style>\n\t<\/div>\n\n\t\n\n<\/div>","protected":false},"excerpt":{"rendered":"","protected":false},"author":1,"featured_media":0,"parent":0,"menu_order":0,"comment_status":"closed","ping_status":"closed","template":"page-transparent-header-light.php","meta":{"footnotes":""},"class_list":["post-263","page","type-page","status-publish","hentry"],"_links":{"self":[{"href":"https:\/\/maranellogenerators.com\/en\/wp-json\/wp\/v2\/pages\/263","targetHints":{"allow":["GET"]}}],"collection":[{"href":"https:\/\/maranellogenerators.com\/en\/wp-json\/wp\/v2\/pages"}],"about":[{"href":"https:\/\/maranellogenerators.com\/en\/wp-json\/wp\/v2\/types\/page"}],"author":[{"embeddable":true,"href":"https:\/\/maranellogenerators.com\/en\/wp-json\/wp\/v2\/users\/1"}],"replies":[{"embeddable":true,"href":"https:\/\/maranellogenerators.com\/en\/wp-json\/wp\/v2\/comments?post=263"}],"version-history":[{"count":4,"href":"https:\/\/maranellogenerators.com\/en\/wp-json\/wp\/v2\/pages\/263\/revisions"}],"predecessor-version":[{"id":274,"href":"https:\/\/maranellogenerators.com\/en\/wp-json\/wp\/v2\/pages\/263\/revisions\/274"}],"wp:attachment":[{"href":"https:\/\/maranellogenerators.com\/en\/wp-json\/wp\/v2\/media?parent=263"}],"curies":[{"name":"wp","href":"https:\/\/api.w.org\/{rel}","templated":true}]}}